{"id":15,"date":"2017-01-19T13:59:00","date_gmt":"2017-01-19T13:59:00","guid":{"rendered":"http:\/\/sw-themes.com\/porto_dummy\/elementor\/business-consulting\/?page_id=15"},"modified":"2023-04-18T12:26:23","modified_gmt":"2023-04-18T12:26:23","slug":"about-us","status":"publish","type":"page","link":"https:\/\/healthbridgegrp.com\/es\/about-us\/","title":{"rendered":"Sobre Nosotros"},"content":{"rendered":"<div data-elementor-type=\"wp-page\" data-elementor-id=\"15\" class=\"elementor elementor-15\">\n\t\t\t\t\t\t<section class=\"elementor-section elementor-top-section elementor-element elementor-element-59fca852 elementor-section-boxed elementor-section-height-default elementor-section-height-default elementor-invisible\" data-id=\"59fca852\" data-element_type=\"section\" data-e-type=\"section\" data-settings=\"{&quot;animation&quot;:&quot;fadeIn&quot;,&quot;animation_delay&quot;:&quot;200&quot;}\">\r\n\t\t\r\n\t\t\t\t\t\t\t<div class=\"elementor-container elementor-column-gap-default\">\r\n\t\t\t\t\t\t\t\t\t\t\t<div class=\"elementor-column elementor-col-100 elementor-top-column elementor-element elementor-element-584fcd05\" data-id=\"584fcd05\" data-element_type=\"column\" data-e-type=\"column\">\r\n\t\t\t\t\t<div class=\"elementor-widget-wrap elementor-element-populated\">\r\n\t\t\t\t\t\t\t\t<div class=\"elementor-element elementor-element-526edd7 elementor-widget elementor-widget-html\" data-id=\"526edd7\" data-element_type=\"widget\" data-e-type=\"widget\" data-widget_type=\"html.default\">\n\t\t\t\t<div class=\"elementor-widget-container\">\n\t\t\t\t\t<p class=\"lead mb-4\">En HBG, estamos comprometidos a brindar oportunidades de educaci\u00f3n y capacitaci\u00f3n de calidad a los profesionales de la salud en todo el mundo. Nuestro equipo est\u00e1 compuesto por un grupo de profesionales altamente calificados con amplia experiencia en el cuidado de la salud, legal, finanzas, tecnolog\u00eda, mercadeo y administraci\u00f3n de las principales instituciones educativas y centros de salud de los Estados Unidos. Tambi\u00e9n contamos con miembros del equipo que han ocupado altos cargos gubernamentales, lo que nos permite navegar entornos regulatorios y de pol\u00edticas complejos.<\/p>\t\t\t\t<\/div>\n\t\t\t\t<\/div>\n\t\t\t\t\t<\/div>\r\n\t\t\t\t<\/div>\r\n\t\t\t\t\t<\/div>\r\n\t\t\t\t<\/section>\r\n\t\t\t\t<section class=\"elementor-section elementor-top-section elementor-element elementor-element-db06b63 elementor-section-boxed elementor-section-height-default elementor-section-height-default\" data-id=\"db06b63\" data-element_type=\"section\" data-e-type=\"section\">\r\n\t\t\r\n\t\t\t\t\t\t\t<div class=\"elementor-container elementor-column-gap-default\">\r\n\t\t\t\t\t\t\t\t\t\t\t<div class=\"elementor-column elementor-col-33 elementor-top-column elementor-element elementor-element-56a092d elementor-invisible\" data-id=\"56a092d\" data-element_type=\"column\" data-e-type=\"column\" data-settings=\"{&quot;animation&quot;:&quot;fadeInLeft&quot;,&quot;animation_delay&quot;:&quot;200&quot;}\">\r\n\t\t\t\t\t<div class=\"elementor-widget-wrap elementor-element-populated\">\r\n\t\t\t\t\t\t\t\t<div class=\"elementor-element elementor-element-ed51734 elementor-widget elementor-widget-image\" data-id=\"ed51734\" data-element_type=\"widget\" data-e-type=\"widget\" data-widget_type=\"image.default\">\n\t\t\t\t<div class=\"elementor-widget-container\">\n\t\t\t\t\t\t\t\t\t\t\t\t\t\t\t<img decoding=\"async\" src=\"https:\/\/www.portotheme.com\/wordpress\/porto\/elementor\/business-consulting\/wp-content\/uploads\/sites\/52\/2017\/01\/case-3.jpg\" title=\"\" alt=\"\" loading=\"lazy\" \/>\t\t\t\t\t\t\t\t\t\t\t\t\t\t\t<\/div>\n\t\t\t\t<\/div>\n\t\t\t\t\t<\/div>\r\n\t\t\t\t<\/div>\r\n\t\t\t\t<div class=\"elementor-column elementor-col-33 elementor-top-column elementor-element elementor-element-9b9c6a2 elementor-invisible\" data-id=\"9b9c6a2\" data-element_type=\"column\" data-e-type=\"column\" data-settings=\"{&quot;animation&quot;:&quot;fadeInLeft&quot;,&quot;animation_delay&quot;:&quot;500&quot;}\">\r\n\t\t\t\t\t<div class=\"elementor-widget-wrap elementor-element-populated\">\r\n\t\t\t\t\t\t\t\t<div class=\"elementor-element elementor-element-45558b2 elementor-widget elementor-widget-image\" data-id=\"45558b2\" data-element_type=\"widget\" data-e-type=\"widget\" data-widget_type=\"image.default\">\n\t\t\t\t<div class=\"elementor-widget-container\">\n\t\t\t\t\t\t\t\t\t\t\t\t\t\t\t<img decoding=\"async\" src=\"https:\/\/www.portotheme.com\/wordpress\/porto\/elementor\/business-consulting\/wp-content\/uploads\/sites\/52\/2017\/01\/case-4.jpg\" title=\"\" alt=\"\" loading=\"lazy\" \/>\t\t\t\t\t\t\t\t\t\t\t\t\t\t\t<\/div>\n\t\t\t\t<\/div>\n\t\t\t\t\t<\/div>\r\n\t\t\t\t<\/div>\r\n\t\t\t\t<div class=\"elementor-column elementor-col-33 elementor-top-column elementor-element elementor-element-d3f37c3 elementor-invisible\" data-id=\"d3f37c3\" data-element_type=\"column\" data-e-type=\"column\" data-settings=\"{&quot;animation&quot;:&quot;fadeInLeft&quot;,&quot;animation_delay&quot;:&quot;800&quot;}\">\r\n\t\t\t\t\t<div class=\"elementor-widget-wrap elementor-element-populated\">\r\n\t\t\t\t\t\t\t\t<div class=\"elementor-element elementor-element-2d7d2f2 elementor-widget elementor-widget-image\" data-id=\"2d7d2f2\" data-element_type=\"widget\" data-e-type=\"widget\" data-widget_type=\"image.default\">\n\t\t\t\t<div class=\"elementor-widget-container\">\n\t\t\t\t\t\t\t\t\t\t\t\t\t\t\t<img decoding=\"async\" src=\"https:\/\/www.portotheme.com\/wordpress\/porto\/elementor\/business-consulting\/wp-content\/uploads\/sites\/52\/2017\/01\/case-1.jpg\" title=\"\" alt=\"\" loading=\"lazy\" \/>\t\t\t\t\t\t\t\t\t\t\t\t\t\t\t<\/div>\n\t\t\t\t<\/div>\n\t\t\t\t\t<\/div>\r\n\t\t\t\t<\/div>\r\n\t\t\t\t\t<\/div>\r\n\t\t\t\t<\/section>\r\n\t\t\t\t<section class=\"elementor-section elementor-top-section elementor-element elementor-element-64f8a2c elementor-section-boxed elementor-section-height-default elementor-section-height-default elementor-invisible\" data-id=\"64f8a2c\" data-element_type=\"section\" data-e-type=\"section\" data-settings=\"{&quot;animation&quot;:&quot;fadeIn&quot;,&quot;animation_delay&quot;:&quot;300&quot;}\">\r\n\t\t\r\n\t\t\t\t\t\t\t<div class=\"elementor-container elementor-column-gap-default\">\r\n\t\t\t\t\t\t\t\t\t\t\t<div class=\"elementor-column elementor-col-100 elementor-top-column elementor-element elementor-element-0f103ed\" data-id=\"0f103ed\" data-element_type=\"column\" data-e-type=\"column\">\r\n\t\t\t\t\t<div class=\"elementor-widget-wrap elementor-element-populated\">\r\n\t\t\t\t\t\t\t\t<div class=\"elementor-element elementor-element-4e97524 elementor-widget elementor-widget-html\" data-id=\"4e97524\" data-element_type=\"widget\" data-e-type=\"widget\" data-widget_type=\"html.default\">\n\t\t\t\t<div class=\"elementor-widget-container\">\n\t\t\t\t\t<p>Nuestra misi\u00f3n es facilitar el intercambio de conocimientos, ideas y mejores pr\u00e1cticas entre los profesionales de la salud y las instituciones de todo el mundo. Creemos que al colaborar y aprender unos de otros, podemos mejorar la calidad de la atenci\u00f3n m\u00e9dica y los resultados de los pacientes en todo el mundo.<\/p>\n<p>Nuestros servicios incluyen la facilitaci\u00f3n de asociaciones y colaboraciones entre instituciones educativas y de salud y la organizaci\u00f3n de programas y talleres de capacitaci\u00f3n. Tambi\u00e9n brindamos servicios de consultor\u00eda a instituciones de salud, ayud\u00e1ndolas a mejorar sus operaciones y lograr sus objetivos estrat\u00e9gicos.<\/p>\n<p>Nos enorgullecemos de nuestra capacidad para conectar personas e instituciones de diversos or\u00edgenes y culturas, fomentando un entorno inclusivo y de apoyo para el aprendizaje y el crecimiento. Nuestro equipo est\u00e1 comprometido con la excelencia en todo lo que hacemos y nos esforzamos por superar las expectativas de nuestros clientes en todo momento.<\/p>\t\t\t\t<\/div>\n\t\t\t\t<\/div>\n\t\t\t\t\t<\/div>\r\n\t\t\t\t<\/div>\r\n\t\t\t\t\t<\/div>\r\n\t\t\t\t<\/section>\r\n\t\t\t\t<\/div>","protected":false},"excerpt":{"rendered":"<p>At HBG, we are committed to delivering quality education and training opportunities to healthcare professionals around the globe. Our team comprises a group of highly qualified professionals with extensive experience in the healthcare, legal, finance, technology, marketing, and administration of major US educational institutions and health facilities. We also have team members who have held [&hellip;]<\/p>\n","protected":false},"author":2,"featured_media":0,"parent":0,"menu_order":0,"comment_status":"closed","ping_status":"closed","template":"","meta":{"footnotes":""},"class_list":["post-15","page","type-page","status-publish","hentry"],"_links":{"self":[{"href":"https:\/\/healthbridgegrp.com\/es\/wp-json\/wp\/v2\/pages\/15","targetHints":{"allow":["GET"]}}],"collection":[{"href":"https:\/\/healthbridgegrp.com\/es\/wp-json\/wp\/v2\/pages"}],"about":[{"href":"https:\/\/healthbridgegrp.com\/es\/wp-json\/wp\/v2\/types\/page"}],"author":[{"embeddable":true,"href":"https:\/\/healthbridgegrp.com\/es\/wp-json\/wp\/v2\/users\/2"}],"replies":[{"embeddable":true,"href":"https:\/\/healthbridgegrp.com\/es\/wp-json\/wp\/v2\/comments?post=15"}],"version-history":[{"count":4,"href":"https:\/\/healthbridgegrp.com\/es\/wp-json\/wp\/v2\/pages\/15\/revisions"}],"predecessor-version":[{"id":819,"href":"https:\/\/healthbridgegrp.com\/es\/wp-json\/wp\/v2\/pages\/15\/revisions\/819"}],"wp:attachment":[{"href":"https:\/\/healthbridgegrp.com\/es\/wp-json\/wp\/v2\/media?parent=15"}],"curies":[{"name":"wp","href":"https:\/\/api.w.org\/{rel}","templated":true}]}}